{"id":9,"date":"2022-09-20T12:03:00","date_gmt":"2022-09-20T10:03:00","guid":{"rendered":"https:\/\/enyema.com\/?page_id=9"},"modified":"2022-10-10T20:55:42","modified_gmt":"2022-10-10T18:55:42","slug":"about","status":"publish","type":"page","link":"https:\/\/enyema.com\/?page_id=9","title":{"rendered":"\u00c0 propos"},"content":{"rendered":"\n<div style=\"height:20px\" aria-hidden=\"true\" class=\"wp-block-spacer\"><\/div>\n\n\n\n<div class=\"wp-block-group alignfull\"><div class=\"wp-block-group__inner-container is-layout-flow wp-block-group-is-layout-flow\">\n<div class=\"wp-block-jetpack-layout-grid alignfull column1-desktop-grid__span-3 column1-desktop-grid__start-2 column1-desktop-grid__row-1 column2-desktop-grid__span-6 column2-desktop-grid__start-6 column2-desktop-grid__row-1 column1-tablet-grid__span-3 column1-tablet-grid__row-1 column2-tablet-grid__span-5 column2-tablet-grid__start-4 column2-tablet-grid__row-1 column1-mobile-grid__span-4 column1-mobile-grid__row-1 column2-mobile-grid__span-4 column2-mobile-grid__row-2\">\n<div class=\"wp-block-jetpack-layout-grid-column wp-block-jetpack-layout-grid__padding-none\"><div class=\"wp-block-image is-style-circle-mask\">\n<figure class=\"alignright size-large\"><img data-recalc-dims=\"1\" loading=\"lazy\" decoding=\"async\" width=\"1440\" height=\"1144\" data-attachment-id=\"913\" data-permalink=\"https:\/\/enyema.com\/?attachment_id=913\" data-orig-file=\"https:\/\/i0.wp.com\/enyema.com\/wp-content\/uploads\/2022\/10\/annie-spratt-cveoh_jjmee-unsplash.jpg?fit=4000%2C3177&amp;ssl=1\" data-orig-size=\"4000,3177\" data-comments-opened=\"1\" data-image-meta=\"{&quot;aperture&quot;:&quot;0&quot;,&quot;credit&quot;:&quot;&quot;,&quot;camera&quot;:&quot;&quot;,&quot;caption&quot;:&quot;&quot;,&quot;created_timestamp&quot;:&quot;0&quot;,&quot;copyright&quot;:&quot;&quot;,&quot;focal_length&quot;:&quot;0&quot;,&quot;iso&quot;:&quot;0&quot;,&quot;shutter_speed&quot;:&quot;0&quot;,&quot;title&quot;:&quot;&quot;,&quot;orientation&quot;:&quot;0&quot;}\" data-image-title=\"annie-spratt-cveoh_jjmee-unsplash\" data-image-description=\"\" data-image-caption=\"\" data-large-file=\"https:\/\/i0.wp.com\/enyema.com\/wp-content\/uploads\/2022\/10\/annie-spratt-cveoh_jjmee-unsplash.jpg?fit=1024%2C813&amp;ssl=1\" src=\"https:\/\/i0.wp.com\/enyema.com\/wp-content\/uploads\/2022\/10\/annie-spratt-cveoh_jjmee-unsplash.jpg?resize=1440%2C1144&#038;ssl=1\" alt=\"\" class=\"wp-image-913\"\/><\/figure>\n<\/div><\/div>\n\n\n\n<div class=\"wp-block-jetpack-layout-grid-column wp-block-jetpack-layout-grid__padding-none\">\n<h2 class=\"wp-block-heading\"><\/h2>\n\n\n\n<p class=\"has-text-align-left wp-block-paragraph\">Enyema.com, part d&rsquo;une initiative de partage de lectures sur les enjeux actuels de territoires subsahariens, et de fa\u00e7on plus large aborde des th\u00e9matiques li\u00e9es aux questions majeures de notre temps.<\/p>\n\n\n\n<p class=\"wp-block-paragraph\"><\/p>\n\n\n\n<p class=\"wp-block-paragraph\"><\/p>\n<\/div>\n<\/div>\n<\/div><\/div>\n","protected":false},"excerpt":{"rendered":"<p class=\"text-justify mb-2\">Enyema.com, part d&rsquo;une initiative de partage de lectures sur les enjeux actuels de territoires subsahariens, et de fa\u00e7on plus large aborde des th\u00e9matiques li\u00e9es aux questions majeures de notre temps.<\/p>\n","protected":false},"author":196901006,"featured_media":0,"parent":0,"menu_order":0,"comment_status":"closed","ping_status":"closed","template":"template-home.php","meta":{"_coblocks_attr":"","_coblocks_dimensions":"","_coblocks_responsive_height":"","_coblocks_accordion_ie_support":"","_crdt_document":"","advanced_seo_description":"","jetpack_seo_html_title":"","jetpack_seo_noindex":false,"footnotes":""},"class_list":["post-9","page","type-page","status-publish","hentry"],"jetpack_likes_enabled":null,"jetpack_sharing_enabled":false,"jetpack_shortlink":"https:\/\/wp.me\/PczIIr-9","jetpack-related-posts":[],"_links":{"self":[{"href":"https:\/\/enyema.com\/index.php?rest_route=\/wp\/v2\/pages\/9","targetHints":{"allow":["GET"]}}],"collection":[{"href":"https:\/\/enyema.com\/index.php?rest_route=\/wp\/v2\/pages"}],"about":[{"href":"https:\/\/enyema.com\/index.php?rest_route=\/wp\/v2\/types\/page"}],"author":[{"embeddable":true,"href":"https:\/\/enyema.com\/index.php?rest_route=\/wp\/v2\/users\/196901006"}],"replies":[{"embeddable":true,"href":"https:\/\/enyema.com\/index.php?rest_route=%2Fwp%2Fv2%2Fcomments&post=9"}],"version-history":[{"count":22,"href":"https:\/\/enyema.com\/index.php?rest_route=\/wp\/v2\/pages\/9\/revisions"}],"predecessor-version":[{"id":1920,"href":"https:\/\/enyema.com\/index.php?rest_route=\/wp\/v2\/pages\/9\/revisions\/1920"}],"wp:attachment":[{"href":"https:\/\/enyema.com\/index.php?rest_route=%2Fwp%2Fv2%2Fmedia&parent=9"}],"curies":[{"name":"wp","href":"https:\/\/api.w.org\/{rel}","templated":true}]}}